{"id":2401,"date":"2024-09-05T15:16:12","date_gmt":"2024-09-05T15:16:12","guid":{"rendered":"https:\/\/www.real-dubai.com\/datenschutzbestimmungen"},"modified":"2024-09-18T17:00:19","modified_gmt":"2024-09-18T17:00:19","slug":"datenschutzbestimmungen","status":"publish","type":"page","link":"https:\/\/real-dubai.com\/de\/datenschutzbestimmungen","title":{"rendered":"Datenschutzbestimmungen"},"content":{"rendered":"\t\t<div data-elementor-type=\"wp-page\" data-elementor-id=\"2401\" class=\"elementor elementor-2401 elementor-1820\">\n\t\t\t\t\t\t<section class=\"elementor-section elementor-top-section elementor-element elementor-element-7998c22a elementor-reverse-tablet elementor-reverse-mobile elementor-section-boxed elementor-section-height-default elementor-section-height-default\" data-id=\"7998c22a\" data-element_type=\"section\" data-settings=\"{&quot;background_background&quot;:&quot;classic&quot;}\">\n\t\t\t\t\t\t\t<div class=\"elementor-background-overlay\"><\/div>\n\t\t\t\t\t\t\t<div class=\"elementor-container elementor-column-gap-no\">\n\t\t\t\t\t<div class=\"elementor-column elementor-col-100 elementor-top-column elementor-element elementor-element-1ec2ca74\" data-id=\"1ec2ca74\" data-element_type=\"column\">\n\t\t\t<div class=\"elementor-widget-wrap elementor-element-populated\">\n\t\t\t\t\t\t<div class=\"elementor-element elementor-element-562f0e69 elementor-widget elementor-widget-elementskit-heading\" data-id=\"562f0e69\" data-element_type=\"widget\" data-widget_type=\"elementskit-heading.default\">\n\t\t\t\t<div class=\"elementor-widget-container\">\n\t\t\t\t\t<div class=\"ekit-wid-con\" ><div class=\"ekit-heading elementskit-section-title-wraper text_center   ekit_heading_tablet-   ekit_heading_mobile-\"><h1 class=\"ekit-heading--title elementskit-section-title \">Datenschutz<\/h1><\/div><\/div>\t\t\t\t<\/div>\n\t\t\t\t<\/div>\n\t\t\t\t<div class=\"elementor-element elementor-element-2c3e05c elementor-align-center elementor-widget elementor-widget-button\" data-id=\"2c3e05c\" data-element_type=\"widget\" data-widget_type=\"button.default\">\n\t\t\t\t<div class=\"elementor-widget-container\">\n\t\t\t\t\t\t\t\t\t<div class=\"elementor-button-wrapper\">\n\t\t\t\t\t<a class=\"elementor-button elementor-button-link elementor-size-sm\" href=\"https:\/\/real-dubai.com\/\">\n\t\t\t\t\t\t<span class=\"elementor-button-content-wrapper\">\n\t\t\t\t\t\t<span class=\"elementor-button-icon\">\n\t\t\t\t<i aria-hidden=\"true\" class=\"icon icon-right-arrow\"><\/i>\t\t\t<\/span>\n\t\t\t\t\t\t\t\t\t<span class=\"elementor-button-text\">Zur\u00fcck zu Home<\/span>\n\t\t\t\t\t<\/span>\n\t\t\t\t\t<\/a>\n\t\t\t\t<\/div>\n\t\t\t\t\t\t\t\t<\/div>\n\t\t\t\t<\/div>\n\t\t\t\t\t<\/div>\n\t\t<\/div>\n\t\t\t\t\t<\/div>\n\t\t<\/section>\n\t\t<div class=\"elementor-element elementor-element-2e94fa2 e-flex e-con-boxed e-con e-parent\" data-id=\"2e94fa2\" data-element_type=\"container\">\n\t\t\t\t\t<div class=\"e-con-inner\">\n\t\t\t\t<div class=\"elementor-element elementor-element-2263f88 elementor-widget elementor-widget-text-editor\" data-id=\"2263f88\" data-element_type=\"widget\" data-widget_type=\"text-editor.default\">\n\t\t\t\t<div class=\"elementor-widget-container\">\n\t\t\t\t\t\t\t\t\t<p class=\"MsoNormal\"><span lang=\"EN-US\">&nbsp;<\/span><\/p>\n<p class=\"MsoNormal\"><span lang=\"EN-US\">Lovisa Homes Real Estate Broker L.L.C., t\u00e4tig unter der Brand REAL DUBAI (&#8222;Unternehmen&#8220;, &#8222;wir&#8220; oder &#8222;uns&#8220;), respektiert Ihre Privatsph\u00e4re und verpflichtet sich, diese durch die Einhaltung dieser Richtlinie zu sch\u00fctzen.<\/span><\/p>\n<p class=\"MsoNormal\"><b><span lang=\"EN-US\">INFORMATIONEN, DIE WIR SAMMELN<\/span><\/b><\/p>\n<p class=\"MsoNormal\"><span lang=\"EN-US\">Wir k\u00f6nnen verschiedene Arten von Informationen von Benutzern sammeln, einschlie\u00dflich:<\/span><\/p>\n<ul style=\"margin-top: 0cm;\" type=\"disc\">\n<li class=\"MsoNormal\"><span lang=\"EN-US\">Pers\u00f6nliche Identifikationsdaten (wie Name, E-Mail, Postanschrift und Telefonnummer).<\/span><\/li>\n<li class=\"MsoNormal\"><span lang=\"EN-US\">Daten \u00fcber Ihre Internetverbindung, den Browsertyp und Nutzungsmuster auf unserer Website.<\/span><\/li>\n<\/ul>\n<div>&nbsp;<\/div>\n<p class=\"MsoNormal\"><b><span lang=\"EN-US\">WIE WIR IHRE INFORMATIONEN VERWENDEN<\/span><\/b><\/p>\n<p class=\"MsoNormal\"><span lang=\"EN-US\">Wir verwenden die gesammelten Informationen f\u00fcr folgende Zwecke:<\/span><\/p>\n<ul style=\"margin-top: 0cm;\" type=\"disc\">\n<li class=\"MsoNormal\"><span lang=\"EN-US\">Bereitstellung, Wartung und Verbesserung unserer Immobilien-Dienstleistungen.<\/span><\/li>\n<li class=\"MsoNormal\"><span lang=\"EN-US\">Kommunikation mit Ihnen bez\u00fcglich Anfragen, Transaktionen oder Updates.<\/span><\/li>\n<li class=\"MsoNormal\"><span lang=\"EN-US\">Einhaltung gesetzlicher Verpflichtungen oder f\u00fcr andere Zwecke mit Ihrer Zustimmung.<\/span><\/li>\n<\/ul>\n<div>&nbsp;<\/div>\n<p class=\"MsoNormal\"><b><span lang=\"EN-US\">OFFENLEGUNG IHRER INFORMATIONEN<\/span><\/b><\/p>\n<p class=\"MsoNormal\"><span lang=\"EN-US\">Wir k\u00f6nnen Ihre pers\u00f6nlichen Daten an folgende Stellen weitergeben:<\/span><\/p>\n<ul style=\"margin-top: 0cm;\" type=\"disc\">\n<li class=\"MsoNormal\"><span lang=\"EN-US\">Dritte, einschlie\u00dflich Tochtergesellschaften, Auftragnehmer und Dienstleister, die uns bei der Bereitstellung unserer Dienstleistungen unterst\u00fctzen.<\/span><\/li>\n<li class=\"MsoNormal\"><span lang=\"EN-US\">Einhaltung gesetzlicher Verpflichtungen, Durchsetzung unserer Bedingungen oder zum Schutz unserer Rechte oder Sicherheit.<\/span><\/li>\n<\/ul>\n<div>&nbsp;<\/div>\n<p class=\"MsoNormal\"><b><span lang=\"EN-US\">DATENSICHERHEIT<\/span><\/b><\/p>\n<p class=\"MsoNormal\"><span lang=\"EN-US\">Wir ergreifen Ma\u00dfnahmen, um Ihre pers\u00f6nlichen Informationen zu sch\u00fctzen. Dennoch ist keine Methode der Daten\u00fcbertragung \u00fcber das Internet vollkommen sicher, und wir k\u00f6nnen die absolute Sicherheit Ihrer Daten nicht garantieren. <\/span><\/p>\n<p class=\"MsoNormal\"><b><span lang=\"EN-US\">COOKIES<\/span><\/b><\/p>\n<p class=\"MsoNormal\"><span lang=\"EN-US\">Unsere Website kann Cookies verwenden, um Ihre Benutzererfahrung zu verbessern. Sie k\u00f6nnen Cookies in Ihren Browsereinstellungen deaktivieren, jedoch kann dies die Funktionalit\u00e4t der Website beeintr\u00e4chtigen. <\/span><\/p>\n<p class=\"MsoNormal\"><b><span lang=\"EN-US\">\u00c4NDERUNGEN UNSERER DATENSCHUTZRICHTLINIE<\/span><\/b><\/p>\n<p class=\"MsoNormal\"><span lang=\"EN-US\">Wir k\u00f6nnen diese Datenschutzrichtlinie von Zeit zu Zeit aktualisieren. Ihre fortgesetzte Nutzung der Website nach \u00c4nderungen bedeutet, dass Sie die \u00fcberarbeitete Richtlinie akzeptieren. <\/span><\/p>\n<p class=\"MsoNormal\"><b><span lang=\"EN-US\">IHRE RECHTE<\/span><\/b><\/p>\n<p class=\"MsoNormal\"><span lang=\"EN-US\" style=\"text-align: var(--text-align); color: var( --e-global-color-text ); font-family: var( --e-global-typography-text-font-family ), Sans-serif; font-size: var( --e-global-typography-text-font-size ); font-weight: var( --e-global-typography-text-font-weight );\">Sie haben das Recht, Zugang zu den von uns \u00fcber Sie gespeicherten pers\u00f6nlichen Daten zu verlangen, Korrekturen anzufordern oder die L\u00f6schung Ihrer Daten zu verlangen. Zur Aus\u00fcbung dieser Rechte kontaktieren Sie uns bitte unter hello@real-dubai.com.  <\/span><a href=\"mailto:hello@real-dubai.com\" style=\"text-align: var(--text-align); background-color: rgb(255, 255, 255); font-family: var( --e-global-typography-text-font-family ), Sans-serif; font-size: var( --e-global-typography-text-font-size ); font-weight: var( --e-global-typography-text-font-weight );\"><span lang=\"EN-US\">hello@real-dubai.com<\/span><\/a><span lang=\"EN-US\" style=\"text-align: var(--text-align); color: var( --e-global-color-text ); font-family: var( --e-global-typography-text-font-family ), Sans-serif; font-size: var( --e-global-typography-text-font-size ); font-weight: var( --e-global-typography-text-font-weight );\">.<\/span><\/p><p class=\"MsoNormal\"><span lang=\"EN-US\" style=\"text-align: var(--text-align); color: var( --e-global-color-text ); font-family: var( --e-global-typography-text-font-family ), Sans-serif; font-size: var( --e-global-typography-text-font-size ); font-weight: var( --e-global-typography-text-font-weight );\"><br><\/span><\/p>\t\t\t\t\t\t\t\t<\/div>\n\t\t\t\t<\/div>\n\t\t\t\t<div class=\"elementor-element elementor-element-7d14538 elementor-align-center elementor-widget elementor-widget-button\" data-id=\"7d14538\" data-element_type=\"widget\" data-widget_type=\"button.default\">\n\t\t\t\t<div class=\"elementor-widget-container\">\n\t\t\t\t\t\t\t\t\t<div class=\"elementor-button-wrapper\">\n\t\t\t\t\t<a class=\"elementor-button elementor-button-link elementor-size-sm\" href=\"https:\/\/real-dubai.com\/\">\n\t\t\t\t\t\t<span class=\"elementor-button-content-wrapper\">\n\t\t\t\t\t\t<span class=\"elementor-button-icon\">\n\t\t\t\t<i aria-hidden=\"true\" class=\"icon icon-right-arrow\"><\/i>\t\t\t<\/span>\n\t\t\t\t\t\t\t\t\t<span class=\"elementor-button-text\">Zur\u00fcck zu Home<\/span>\n\t\t\t\t\t<\/span>\n\t\t\t\t\t<\/a>\n\t\t\t\t<\/div>\n\t\t\t\t\t\t\t\t<\/div>\n\t\t\t\t<\/div>\n\t\t\t\t\t<\/div>\n\t\t\t\t<\/div>\n\t\t\t\t<\/div>\n\t\t","protected":false},"excerpt":{"rendered":"<p>Datenschutz Zur\u00fcck zu Home &nbsp; Lovisa Homes Real Estate Broker L.L.C., t\u00e4tig unter der Brand REAL DUBAI (&#8222;Unternehmen&#8220;, &#8222;wir&#8220; oder &#8222;uns&#8220;), respektiert Ihre Privatsph\u00e4re und verpflichtet sich, diese durch die Einhaltung dieser Richtlinie zu sch\u00fctzen. INFORMATIONEN, DIE WIR SAMMELN Wir k\u00f6nnen verschiedene Arten von Informationen von Benutzern sammeln, einschlie\u00dflich: Pers\u00f6nliche Identifikationsdaten (wie Name, E-Mail, Postanschrift [&hellip;]<\/p>\n","protected":false},"author":1,"featured_media":0,"parent":0,"menu_order":0,"comment_status":"closed","ping_status":"closed","template":"","meta":{"footnotes":""},"class_list":["post-2401","page","type-page","status-publish","hentry"],"_links":{"self":[{"href":"https:\/\/real-dubai.com\/de\/wp-json\/wp\/v2\/pages\/2401","targetHints":{"allow":["GET"]}}],"collection":[{"href":"https:\/\/real-dubai.com\/de\/wp-json\/wp\/v2\/pages"}],"about":[{"href":"https:\/\/real-dubai.com\/de\/wp-json\/wp\/v2\/types\/page"}],"author":[{"embeddable":true,"href":"https:\/\/real-dubai.com\/de\/wp-json\/wp\/v2\/users\/1"}],"replies":[{"embeddable":true,"href":"https:\/\/real-dubai.com\/de\/wp-json\/wp\/v2\/comments?post=2401"}],"version-history":[{"count":10,"href":"https:\/\/real-dubai.com\/de\/wp-json\/wp\/v2\/pages\/2401\/revisions"}],"predecessor-version":[{"id":2674,"href":"https:\/\/real-dubai.com\/de\/wp-json\/wp\/v2\/pages\/2401\/revisions\/2674"}],"wp:attachment":[{"href":"https:\/\/real-dubai.com\/de\/wp-json\/wp\/v2\/media?parent=2401"}],"curies":[{"name":"wp","href":"https:\/\/api.w.org\/{rel}","templated":true}]}}